{"id":48,"date":"2017-01-21T16:20:49","date_gmt":"2017-01-21T15:20:49","guid":{"rendered":"http:\/\/www.blog.aventerre.fr\/?page_id=48"},"modified":"2020-12-13T08:27:36","modified_gmt":"2020-12-13T07:27:36","slug":"actualites","status":"publish","type":"page","link":"https:\/\/www.aventerre.fr\/?page_id=48","title":{"rendered":"Aventerre"},"content":{"rendered":"<p>Diminuer de 40 \u00e0 70% selon les pays nos \u00e9missions de GES d&rsquo;ici&nbsp; 2050<\/p>\n<p>C&rsquo;est ce qui est n\u00e9cessaire pour rester sous la barre des 2\u00b0C d&rsquo;augmentation de la temp\u00e9rature d&rsquo;ici la fin du si\u00e8cle.<\/p>\n<p>Nous avons les moyens&nbsp; pour avancer rapidement, il s&rsquo;agit juste d&rsquo;en faire une priorit\u00e9 aux diff\u00e9rentes \u00e9chelles de d\u00e9cision. Parmi ces moyens, les outils de quantification&nbsp; permettent d&rsquo;\u00e9laborer des&nbsp; sc\u00e9narios d&rsquo;\u00e9volution, et d&rsquo;\u00e9valuer les projets \u00e0 l&rsquo;aune de&nbsp; leur impact carbone.<\/p>\n<p>Cette approche doit s&rsquo;int\u00e9grer dans une analyse multicrit\u00e8res, int\u00e9grant la rentabilit\u00e9 \u00e9conomique \u00e0 long terme.<\/p>\n<p>AVENTERRE propose aux acteurs priv\u00e9s et publics de trouver les moyens d&rsquo;agir, de stimuler leur intelligence collective.<\/p>\n<p>Ces derni\u00e8res ann\u00e9es ont vu se d\u00e9velopper de nombreuses initiatives pour une transition vers une \u00e9conomie d\u00e9carbon\u00e9e, et&nbsp; une augmentation de la&nbsp; r\u00e9silience des \u00e9cosyst\u00e8mes ; &nbsp; j&rsquo;en donne quelques exemples dans la page d&rsquo;accueil.<\/p>\n<p>Pour les susciter, il serait dommage&nbsp; de ne pas utiliser les mesures mises en place par les politiques publiques, comme les PCAET et le projets alimentaires de territoire, qui associent les divers acteurs concern\u00e9s en vue de d\u00e9finir des lignes directrices, des projets.<\/p>\n<p><\/p>\n\n\n<figure class=\"wp-block-gallery columns-0 is-cropped\"><ul class=\"blocks-gallery-grid\"><\/ul><\/figure>\n","protected":false},"excerpt":{"rendered":"<p>Diminuer de 40 \u00e0 70% selon les pays nos \u00e9missions de GES d&rsquo;ici&nbsp; 2050 C&rsquo;est ce qui est n\u00e9cessaire pour rester sous la barre des 2\u00b0C d&rsquo;augmentation de la temp\u00e9rature d&rsquo;ici la fin du si\u00e8cle. Nous avons les moyens&nbsp; pour avancer rapidement, il s&rsquo;agit juste d&rsquo;en faire une priorit\u00e9 aux diff\u00e9rentes \u00e9chelles de d\u00e9cision. Parmi &hellip; <\/p>\n<p class=\"link-more\"><a href=\"https:\/\/www.aventerre.fr\/?page_id=48\" class=\"more-link\">Continuer la lecture<span class=\"screen-reader-text\"> de &laquo;&nbsp;Aventerre&nbsp;&raquo;<\/span><\/a><\/p>\n","protected":false},"author":1,"featured_media":0,"parent":0,"menu_order":0,"comment_status":"closed","ping_status":"closed","template":"","meta":[],"_links":{"self":[{"href":"https:\/\/www.aventerre.fr\/index.php?rest_route=\/wp\/v2\/pages\/48"}],"collection":[{"href":"https:\/\/www.aventerre.fr\/index.php?rest_route=\/wp\/v2\/pages"}],"about":[{"href":"https:\/\/www.aventerre.fr\/index.php?rest_route=\/wp\/v2\/types\/page"}],"author":[{"embeddable":true,"href":"https:\/\/www.aventerre.fr\/index.php?rest_route=\/wp\/v2\/users\/1"}],"replies":[{"embeddable":true,"href":"https:\/\/www.aventerre.fr\/index.php?rest_route=%2Fwp%2Fv2%2Fcomments&post=48"}],"version-history":[{"count":18,"href":"https:\/\/www.aventerre.fr\/index.php?rest_route=\/wp\/v2\/pages\/48\/revisions"}],"predecessor-version":[{"id":212,"href":"https:\/\/www.aventerre.fr\/index.php?rest_route=\/wp\/v2\/pages\/48\/revisions\/212"}],"wp:attachment":[{"href":"https:\/\/www.aventerre.fr\/index.php?rest_route=%2Fwp%2Fv2%2Fmedia&parent=48"}],"curies":[{"name":"wp","href":"https:\/\/api.w.org\/{rel}","templated":true}]}}